{"id":16167,"date":"2024-08-14T13:42:02","date_gmt":"2024-08-14T13:42:02","guid":{"rendered":"https:\/\/www.subeagenciadigital.com\/nos\/"},"modified":"2025-03-12T20:17:19","modified_gmt":"2025-03-12T20:17:19","slug":"nos","status":"publish","type":"page","link":"https:\/\/www.subeagenciadigital.com\/pt-br\/nos\/","title":{"rendered":"N\u00f3s"},"content":{"rendered":"\t\t<div data-elementor-type=\"wp-page\" data-elementor-id=\"16167\" class=\"elementor elementor-16167 elementor-815\" data-elementor-post-type=\"page\">\n\t\t\t\t<div class=\"aux-parallax-section elementor-element elementor-element-acaa518 e-flex e-con-boxed e-con e-parent\" data-id=\"acaa518\" data-element_type=\"container\" data-e-type=\"container\" data-settings=\"{&quot;shape_divider_bottom&quot;:&quot;curve&quot;,&quot;background_background&quot;:&quot;gradient&quot;}\">\n\t\t\t\t\t<div class=\"e-con-inner\">\n\t\t\t\t<div class=\"elementor-shape elementor-shape-bottom\" aria-hidden=\"true\" data-negative=\"false\">\n\t\t\t<svg xmlns=\"http:\/\/www.w3.org\/2000\/svg\" viewBox=\"0 0 1000 100\" preserveAspectRatio=\"none\">\n    <path class=\"elementor-shape-fill\" d=\"M1000,4.3V0H0v4.3C0.9,23.1,126.7,99.2,500,100S1000,22.7,1000,4.3z\"\/>\n<\/svg>\t\t<\/div>\n\t\t\t\t<div class=\"elementor-element elementor-element-35ab06d elementor-widget elementor-widget-heading\" data-id=\"35ab06d\" data-element_type=\"widget\" data-e-type=\"widget\" data-widget_type=\"heading.default\">\n\t\t\t\t\t<p class=\"elementor-heading-title elementor-size-default\">Somos uma equipe multidisciplinar<\/p>\t\t\t\t<\/div>\n\t\t\t\t<div class=\"elementor-element elementor-element-f434d53 elementor-widget elementor-widget-heading\" data-id=\"f434d53\" data-element_type=\"widget\" data-e-type=\"widget\" data-widget_type=\"heading.default\">\n\t\t\t\t\t<h1 class=\"elementor-heading-title elementor-size-default\">focada em resultados<\/h1>\t\t\t\t<\/div>\n\t\t\t\t\t<\/div>\n\t\t\t\t<\/div>\n\t\t<div class=\"aux-parallax-section elementor-element elementor-element-b035ec7 e-flex e-con-boxed e-con e-parent\" data-id=\"b035ec7\" data-element_type=\"container\" data-e-type=\"container\" data-settings=\"{&quot;background_background&quot;:&quot;classic&quot;}\">\n\t\t\t\t\t<div class=\"e-con-inner\">\n\t\t<div class=\"elementor-element elementor-element-e691a00 e-con-full e-flex e-con e-child\" data-id=\"e691a00\" data-element_type=\"container\" data-e-type=\"container\">\n\t\t\t\t<div class=\"elementor-element elementor-element-fed6575 elementor-widget elementor-widget-heading\" data-id=\"fed6575\" data-element_type=\"widget\" data-e-type=\"widget\" data-widget_type=\"heading.default\">\n\t\t\t\t\t<div class=\"elementor-heading-title elementor-size-default\">Na Sube, nos unimos com um objetivo em comum<\/div>\t\t\t\t<\/div>\n\t\t\t\t<div class=\"elementor-element elementor-element-5009c09 elementor-widget elementor-widget-heading\" data-id=\"5009c09\" data-element_type=\"widget\" data-e-type=\"widget\" data-widget_type=\"heading.default\">\n\t\t\t\t\t<div class=\"elementor-heading-title elementor-size-default\">Criar estrat\u00e9gias eficazes para impulsionar o crescimento de quem nos escolhe.<\/div>\t\t\t\t<\/div>\n\t\t\t\t<\/div>\n\t\t\t\t<div class=\"elementor-element elementor-element-55d2e36 elementor-widget elementor-widget-spacer\" data-id=\"55d2e36\" data-element_type=\"widget\" data-e-type=\"widget\" data-widget_type=\"spacer.default\">\n\t\t\t\t\t\t\t<div class=\"elementor-spacer\">\n\t\t\t<div class=\"elementor-spacer-inner\"><\/div>\n\t\t<\/div>\n\t\t\t\t\t\t<\/div>\n\t\t<div class=\"elementor-element elementor-element-47521dd e-con-full e-flex e-con e-child\" data-id=\"47521dd\" data-element_type=\"container\" data-e-type=\"container\">\n\t\t\t\t<div class=\"elementor-element elementor-element-1a3c8c1 elementor-widget elementor-widget-text-editor\" data-id=\"1a3c8c1\" data-element_type=\"widget\" data-e-type=\"widget\" data-widget_type=\"text-editor.default\">\n\t\t\t\t\t\t\t\t\t<p>Nosso foco est\u00e1 em atender \u00e0s necessidades de neg\u00f3cios e impulsionar seu desenvolvimento. O mundo est\u00e1 em constante mudan\u00e7a e os mercados se tornam cada vez mais emergentes. Por isso, estamos sempre na vanguarda, trabalhando para que nossos servi\u00e7os permitam aos nossos clientes alcan\u00e7ar um melhor ROI.  <\/p>\n<p>A multiculturalidade de nossa equipe de profissionais nos permite trabalhar com clientes de todo o mundo e abordar cada desafio com abertura e conhecimentos espec\u00edficos. Assim, conseguimos gerar a empatia que cada cliente necessita para transmitir a ess\u00eancia da comunica\u00e7\u00e3o em qualquer situa\u00e7\u00e3o. <\/p>\n\t\t\t\t\t\t\t\t<\/div>\n\t\t\t\t<\/div>\n\t\t<div class=\"elementor-element elementor-element-b19a729 e-con-full e-flex e-con e-child\" data-id=\"b19a729\" data-element_type=\"container\" data-e-type=\"container\">\n\t\t\t\t<div class=\"elementor-element elementor-element-9f44cd9 elementor-widget elementor-widget-video\" data-id=\"9f44cd9\" data-element_type=\"widget\" data-e-type=\"widget\" data-settings=\"{&quot;youtube_url&quot;:&quot;https:\\\/\\\/www.youtube.com\\\/watch?v=2i51rZSL1kU&quot;,&quot;yt_privacy&quot;:&quot;yes&quot;,&quot;video_type&quot;:&quot;youtube&quot;,&quot;controls&quot;:&quot;yes&quot;}\" data-widget_type=\"video.default\">\n\t\t\t\t\t\t\t<div class=\"elementor-wrapper elementor-open-inline\">\n\t\t\t<div class=\"elementor-video\"><\/div>\t\t<\/div>\n\t\t\t\t\t\t<\/div>\n\t\t\t\t<\/div>\n\t\t\t\t\t<\/div>\n\t\t\t\t<\/div>\n\t\t<div class=\"aux-parallax-section elementor-element elementor-element-29730bd e-flex e-con-boxed e-con e-parent\" data-id=\"29730bd\" data-element_type=\"container\" data-e-type=\"container\">\n\t\t\t\t\t<div class=\"e-con-inner\">\n\t\t\t\t<div class=\"elementor-element elementor-element-e40025e elementor-widget elementor-widget-heading\" data-id=\"e40025e\" data-element_type=\"widget\" data-e-type=\"widget\" data-widget_type=\"heading.default\">\n\t\t\t\t\t<div class=\"elementor-heading-title elementor-size-default\">Somos apaixonados por trabalhar com clientes de diferentes ind\u00fastrias e modelos de neg\u00f3cios<\/div>\t\t\t\t<\/div>\n\t\t\t\t<div class=\"elementor-element elementor-element-810e08e elementor-widget elementor-widget-heading\" data-id=\"810e08e\" data-element_type=\"widget\" data-e-type=\"widget\" data-widget_type=\"heading.default\">\n\t\t\t\t\t<div class=\"elementor-heading-title elementor-size-default\">Nosso principal trabalho \u00e9 fazer com que nossos clientes vendam mais e impulsion\u00e1-los a triunfar na cultura digital.<\/div>\t\t\t\t<\/div>\n\t\t\t\t<div class=\"elementor-element elementor-element-3626a8f elementor-align-center elementor-widget elementor-widget-button\" data-id=\"3626a8f\" data-element_type=\"widget\" data-e-type=\"widget\" data-widget_type=\"button.default\">\n\t\t\t\t\t\t\t\t\t\t<a class=\"elementor-button elementor-button-link elementor-size-sm\" href=\"https:\/\/www.subeagenciadigital.com\/pt-br\/contato\/\">\n\t\t\t\t\t\t<span class=\"elementor-button-content-wrapper\">\n\t\t\t\t\t\t\t\t\t<span class=\"elementor-button-text\">Entre em contato conosco!<\/span>\n\t\t\t\t\t<\/span>\n\t\t\t\t\t<\/a>\n\t\t\t\t\t\t\t\t<\/div>\n\t\t\t\t\t<\/div>\n\t\t\t\t<\/div>\n\t\t<div class=\"aux-parallax-section elementor-element elementor-element-158fba7 e-grid e-con-boxed e-con e-parent\" data-id=\"158fba7\" data-element_type=\"container\" data-e-type=\"container\">\n\t\t\t\t\t<div class=\"e-con-inner\">\n\t\t\t\t<div class=\"elementor-element elementor-element-c32902b elementor-widget elementor-widget-heading\" data-id=\"c32902b\" data-element_type=\"widget\" data-e-type=\"widget\" data-widget_type=\"heading.default\">\n\t\t\t\t\t<div class=\"elementor-heading-title elementor-size-default\">Nossa equipe<\/div>\t\t\t\t<\/div>\n\t\t\t\t\t<\/div>\n\t\t\t\t<\/div>\n\t\t<div class=\"aux-parallax-section elementor-element elementor-element-3d82b4d e-flex e-con-boxed e-con e-parent\" data-id=\"3d82b4d\" data-element_type=\"container\" data-e-type=\"container\">\n\t\t\t\t\t<div class=\"e-con-inner\">\n\t\t\t\t<div class=\"elementor-element elementor-element-a6676d9 elementor-widget elementor-widget-heading\" data-id=\"a6676d9\" data-element_type=\"widget\" data-e-type=\"widget\" data-widget_type=\"heading.default\">\n\t\t\t\t\t<div class=\"elementor-heading-title elementor-size-default\">Reconhecimentos<\/div>\t\t\t\t<\/div>\n\t\t\t\t\t<\/div>\n\t\t\t\t<\/div>\n\t\t<div class=\"aux-parallax-section elementor-element elementor-element-303e3f4 e-flex e-con-boxed e-con e-parent\" data-id=\"303e3f4\" data-element_type=\"container\" data-e-type=\"container\">\n\t\t\t\t\t<div class=\"e-con-inner\">\n\t\t<div class=\"elementor-element elementor-element-35b49a6 e-grid e-con-full e-con e-child\" data-id=\"35b49a6\" data-element_type=\"container\" data-e-type=\"container\">\n\t\t\t\t<div class=\"elementor-element elementor-element-fcd6f22 elementor-widget elementor-widget-image\" data-id=\"fcd6f22\" data-element_type=\"widget\" data-e-type=\"widget\" data-widget_type=\"image.default\">\n\t\t\t\t\t\t\t\t\t\t\t\t\t\t\t\t<a href=\"https:\/\/marketing4ecommerce.mx\/mejores-agencias-de-marketing-digital-en-mexico\/#Sube\" target=\"_blank\">\n\t\t\t\t\t\t\t<img decoding=\"async\" width=\"119\" height=\"140\" src=\"https:\/\/www.subeagenciadigital.com\/wp-content\/uploads\/2024\/09\/4-marketing.png\" class=\"attachment-full size-full wp-image-15073\" alt=\"\" \/>\t\t\t\t\t\t\t\t<\/a>\n\t\t\t\t\t\t\t\t\t\t\t\t\t\t\t<\/div>\n\t\t\t\t<div class=\"elementor-element elementor-element-3756522 elementor-widget elementor-widget-image\" data-id=\"3756522\" data-element_type=\"widget\" data-e-type=\"widget\" data-widget_type=\"image.default\">\n\t\t\t\t\t\t\t\t\t\t\t\t\t\t\t\t<a href=\"https:\/\/marketing4ecommerce.mx\/agencias-creativas-mas-prometedoras-de-mexico\/#Sube\" target=\"_blank\">\n\t\t\t\t\t\t\t<img decoding=\"async\" width=\"119\" height=\"140\" src=\"https:\/\/www.subeagenciadigital.com\/wp-content\/uploads\/2024\/09\/4-marketing.png\" class=\"attachment-full size-full wp-image-15073\" alt=\"\" \/>\t\t\t\t\t\t\t\t<\/a>\n\t\t\t\t\t\t\t\t\t\t\t\t\t\t\t<\/div>\n\t\t\t\t<div class=\"elementor-element elementor-element-78b3116 elementor-widget elementor-widget-image\" data-id=\"78b3116\" data-element_type=\"widget\" data-e-type=\"widget\" data-widget_type=\"image.default\">\n\t\t\t\t\t\t\t\t\t\t\t\t\t\t\t\t<a href=\"https:\/\/marketing4ecommerce.mx\/top-las-mejores-agencias-sem-en-mexico\/#SUBE\" target=\"_blank\">\n\t\t\t\t\t\t\t<img decoding=\"async\" width=\"119\" height=\"140\" src=\"https:\/\/www.subeagenciadigital.com\/wp-content\/uploads\/2024\/09\/4-marketing.png\" class=\"attachment-full size-full wp-image-15073\" alt=\"\" \/>\t\t\t\t\t\t\t\t<\/a>\n\t\t\t\t\t\t\t\t\t\t\t\t\t\t\t<\/div>\n\t\t\t\t<\/div>\n\t\t\t\t\t<\/div>\n\t\t\t\t<\/div>\n\t\t\t\t<\/div>\n\t\t","protected":false},"excerpt":{"rendered":"<p>Somos uma equipe multidisciplinar focada em resultados Na Sube, nos unimos com um objetivo em comum Criar estrat\u00e9gias eficazes para impulsionar o crescimento de quem nos escolhe. Nosso foco est\u00e1 em atender \u00e0s necessidades de neg\u00f3cios e impulsionar seu desenvolvimento. O mundo est\u00e1 em constante mudan\u00e7a e os mercados se tornam cada vez mais emergentes. [&hellip;]<\/p>\n","protected":false},"author":1,"featured_media":0,"parent":0,"menu_order":0,"comment_status":"closed","ping_status":"closed","template":"","meta":{"_acf_changed":false,"_yoast_wpseo_focuskw":"","_yoast_wpseo_title":"","_yoast_wpseo_metadesc":"","_yoast_wpseo_opengraph-title":"","_yoast_wpseo_opengraph-description":"","_eb_attr":"","footnotes":""},"class_list":["post-16167","page","type-page","status-publish","hentry"],"acf":[],"yoast_head":"<!-- This site is optimized with the Yoast SEO plugin v27.6 - https:\/\/yoast.com\/product\/yoast-seo-wordpress\/ -->\n<title>N\u00f3s - SUBE<\/title>\n<meta name=\"robots\" content=\"index, follow, max-snippet:-1, max-image-preview:large, max-video-preview:-1\" \/>\n<link rel=\"canonical\" href=\"https:\/\/www.subeagenciadigital.com\/pt-br\/nos\/\" \/>\n<meta property=\"og:locale\" content=\"pt_BR\" \/>\n<meta property=\"og:type\" content=\"article\" \/>\n<meta property=\"og:title\" content=\"N\u00f3s - SUBE\" \/>\n<meta property=\"og:description\" content=\"Somos uma equipe multidisciplinar focada em resultados Na Sube, nos unimos com um objetivo em comum Criar estrat\u00e9gias eficazes para impulsionar o crescimento de quem nos escolhe. Nosso foco est\u00e1 em atender \u00e0s necessidades de neg\u00f3cios e impulsionar seu desenvolvimento. O mundo est\u00e1 em constante mudan\u00e7a e os mercados se tornam cada vez mais emergentes. [&hellip;]\" \/>\n<meta property=\"og:url\" content=\"https:\/\/www.subeagenciadigital.com\/pt-br\/nos\/\" \/>\n<meta property=\"og:site_name\" content=\"SUBE\" \/>\n<meta property=\"article:modified_time\" content=\"2025-03-12T20:17:19+00:00\" \/>\n<meta property=\"og:image\" content=\"https:\/\/www.subeagenciadigital.com\/wp-content\/uploads\/2024\/12\/Santiago-Rubio.png\" \/>\n<meta name=\"twitter:card\" content=\"summary_large_image\" \/>\n<meta name=\"twitter:label1\" content=\"Est. tempo de leitura\" \/>\n\t<meta name=\"twitter:data1\" content=\"2 minutos\" \/>\n<script type=\"application\/ld+json\" class=\"yoast-schema-graph\">{\"@context\":\"https:\\\/\\\/schema.org\",\"@graph\":[{\"@type\":\"WebPage\",\"@id\":\"https:\\\/\\\/www.subeagenciadigital.com\\\/pt-br\\\/nos\\\/\",\"url\":\"https:\\\/\\\/www.subeagenciadigital.com\\\/pt-br\\\/nos\\\/\",\"name\":\"N\u00f3s - SUBE\",\"isPartOf\":{\"@id\":\"https:\\\/\\\/www.subeagenciadigital.com\\\/pt-br\\\/#website\"},\"primaryImageOfPage\":{\"@id\":\"https:\\\/\\\/www.subeagenciadigital.com\\\/pt-br\\\/nos\\\/#primaryimage\"},\"image\":{\"@id\":\"https:\\\/\\\/www.subeagenciadigital.com\\\/pt-br\\\/nos\\\/#primaryimage\"},\"thumbnailUrl\":\"https:\\\/\\\/www.subeagenciadigital.com\\\/wp-content\\\/uploads\\\/2024\\\/12\\\/Santiago-Rubio.png\",\"datePublished\":\"2024-08-14T13:42:02+00:00\",\"dateModified\":\"2025-03-12T20:17:19+00:00\",\"breadcrumb\":{\"@id\":\"https:\\\/\\\/www.subeagenciadigital.com\\\/pt-br\\\/nos\\\/#breadcrumb\"},\"inLanguage\":\"pt-BR\",\"potentialAction\":[{\"@type\":\"ReadAction\",\"target\":[\"https:\\\/\\\/www.subeagenciadigital.com\\\/pt-br\\\/nos\\\/\"]}]},{\"@type\":\"ImageObject\",\"inLanguage\":\"pt-BR\",\"@id\":\"https:\\\/\\\/www.subeagenciadigital.com\\\/pt-br\\\/nos\\\/#primaryimage\",\"url\":\"https:\\\/\\\/www.subeagenciadigital.com\\\/wp-content\\\/uploads\\\/2024\\\/12\\\/Santiago-Rubio.png\",\"contentUrl\":\"https:\\\/\\\/www.subeagenciadigital.com\\\/wp-content\\\/uploads\\\/2024\\\/12\\\/Santiago-Rubio.png\"},{\"@type\":\"BreadcrumbList\",\"@id\":\"https:\\\/\\\/www.subeagenciadigital.com\\\/pt-br\\\/nos\\\/#breadcrumb\",\"itemListElement\":[{\"@type\":\"ListItem\",\"position\":1,\"name\":\"Home\",\"item\":\"https:\\\/\\\/www.subeagenciadigital.com\\\/pt-br\\\/\"},{\"@type\":\"ListItem\",\"position\":2,\"name\":\"N\u00f3s\"}]},{\"@type\":\"WebSite\",\"@id\":\"https:\\\/\\\/www.subeagenciadigital.com\\\/pt-br\\\/#website\",\"url\":\"https:\\\/\\\/www.subeagenciadigital.com\\\/pt-br\\\/\",\"name\":\"SUBE\",\"description\":\"\",\"publisher\":{\"@id\":\"https:\\\/\\\/www.subeagenciadigital.com\\\/pt-br\\\/#organization\"},\"potentialAction\":[{\"@type\":\"SearchAction\",\"target\":{\"@type\":\"EntryPoint\",\"urlTemplate\":\"https:\\\/\\\/www.subeagenciadigital.com\\\/pt-br\\\/?s={search_term_string}\"},\"query-input\":{\"@type\":\"PropertyValueSpecification\",\"valueRequired\":true,\"valueName\":\"search_term_string\"}}],\"inLanguage\":\"pt-BR\"},{\"@type\":\"Organization\",\"@id\":\"https:\\\/\\\/www.subeagenciadigital.com\\\/pt-br\\\/#organization\",\"name\":\"SUBE\",\"url\":\"https:\\\/\\\/www.subeagenciadigital.com\\\/pt-br\\\/\",\"logo\":{\"@type\":\"ImageObject\",\"inLanguage\":\"pt-BR\",\"@id\":\"https:\\\/\\\/www.subeagenciadigital.com\\\/pt-br\\\/#\\\/schema\\\/logo\\\/image\\\/\",\"url\":\"https:\\\/\\\/www.subeagenciadigital.com\\\/wp-content\\\/uploads\\\/2024\\\/08\\\/LOGO-bco.png\",\"contentUrl\":\"https:\\\/\\\/www.subeagenciadigital.com\\\/wp-content\\\/uploads\\\/2024\\\/08\\\/LOGO-bco.png\",\"width\":216,\"height\":110,\"caption\":\"SUBE\"},\"image\":{\"@id\":\"https:\\\/\\\/www.subeagenciadigital.com\\\/pt-br\\\/#\\\/schema\\\/logo\\\/image\\\/\"}}]}<\/script>\n<!-- \/ Yoast SEO plugin. -->","yoast_head_json":{"title":"N\u00f3s - SUBE","robots":{"index":"index","follow":"follow","max-snippet":"max-snippet:-1","max-image-preview":"max-image-preview:large","max-video-preview":"max-video-preview:-1"},"canonical":"https:\/\/www.subeagenciadigital.com\/pt-br\/nos\/","og_locale":"pt_BR","og_type":"article","og_title":"N\u00f3s - SUBE","og_description":"Somos uma equipe multidisciplinar focada em resultados Na Sube, nos unimos com um objetivo em comum Criar estrat\u00e9gias eficazes para impulsionar o crescimento de quem nos escolhe. Nosso foco est\u00e1 em atender \u00e0s necessidades de neg\u00f3cios e impulsionar seu desenvolvimento. O mundo est\u00e1 em constante mudan\u00e7a e os mercados se tornam cada vez mais emergentes. [&hellip;]","og_url":"https:\/\/www.subeagenciadigital.com\/pt-br\/nos\/","og_site_name":"SUBE","article_modified_time":"2025-03-12T20:17:19+00:00","og_image":[{"url":"https:\/\/www.subeagenciadigital.com\/wp-content\/uploads\/2024\/12\/Santiago-Rubio.png","type":"","width":"","height":""}],"twitter_card":"summary_large_image","twitter_misc":{"Est. tempo de leitura":"2 minutos"},"schema":{"@context":"https:\/\/schema.org","@graph":[{"@type":"WebPage","@id":"https:\/\/www.subeagenciadigital.com\/pt-br\/nos\/","url":"https:\/\/www.subeagenciadigital.com\/pt-br\/nos\/","name":"N\u00f3s - SUBE","isPartOf":{"@id":"https:\/\/www.subeagenciadigital.com\/pt-br\/#website"},"primaryImageOfPage":{"@id":"https:\/\/www.subeagenciadigital.com\/pt-br\/nos\/#primaryimage"},"image":{"@id":"https:\/\/www.subeagenciadigital.com\/pt-br\/nos\/#primaryimage"},"thumbnailUrl":"https:\/\/www.subeagenciadigital.com\/wp-content\/uploads\/2024\/12\/Santiago-Rubio.png","datePublished":"2024-08-14T13:42:02+00:00","dateModified":"2025-03-12T20:17:19+00:00","breadcrumb":{"@id":"https:\/\/www.subeagenciadigital.com\/pt-br\/nos\/#breadcrumb"},"inLanguage":"pt-BR","potentialAction":[{"@type":"ReadAction","target":["https:\/\/www.subeagenciadigital.com\/pt-br\/nos\/"]}]},{"@type":"ImageObject","inLanguage":"pt-BR","@id":"https:\/\/www.subeagenciadigital.com\/pt-br\/nos\/#primaryimage","url":"https:\/\/www.subeagenciadigital.com\/wp-content\/uploads\/2024\/12\/Santiago-Rubio.png","contentUrl":"https:\/\/www.subeagenciadigital.com\/wp-content\/uploads\/2024\/12\/Santiago-Rubio.png"},{"@type":"BreadcrumbList","@id":"https:\/\/www.subeagenciadigital.com\/pt-br\/nos\/#breadcrumb","itemListElement":[{"@type":"ListItem","position":1,"name":"Home","item":"https:\/\/www.subeagenciadigital.com\/pt-br\/"},{"@type":"ListItem","position":2,"name":"N\u00f3s"}]},{"@type":"WebSite","@id":"https:\/\/www.subeagenciadigital.com\/pt-br\/#website","url":"https:\/\/www.subeagenciadigital.com\/pt-br\/","name":"SUBE","description":"","publisher":{"@id":"https:\/\/www.subeagenciadigital.com\/pt-br\/#organization"},"potentialAction":[{"@type":"SearchAction","target":{"@type":"EntryPoint","urlTemplate":"https:\/\/www.subeagenciadigital.com\/pt-br\/?s={search_term_string}"},"query-input":{"@type":"PropertyValueSpecification","valueRequired":true,"valueName":"search_term_string"}}],"inLanguage":"pt-BR"},{"@type":"Organization","@id":"https:\/\/www.subeagenciadigital.com\/pt-br\/#organization","name":"SUBE","url":"https:\/\/www.subeagenciadigital.com\/pt-br\/","logo":{"@type":"ImageObject","inLanguage":"pt-BR","@id":"https:\/\/www.subeagenciadigital.com\/pt-br\/#\/schema\/logo\/image\/","url":"https:\/\/www.subeagenciadigital.com\/wp-content\/uploads\/2024\/08\/LOGO-bco.png","contentUrl":"https:\/\/www.subeagenciadigital.com\/wp-content\/uploads\/2024\/08\/LOGO-bco.png","width":216,"height":110,"caption":"SUBE"},"image":{"@id":"https:\/\/www.subeagenciadigital.com\/pt-br\/#\/schema\/logo\/image\/"}}]}},"_links":{"self":[{"href":"https:\/\/www.subeagenciadigital.com\/pt-br\/wp-json\/wp\/v2\/pages\/16167","targetHints":{"allow":["GET"]}}],"collection":[{"href":"https:\/\/www.subeagenciadigital.com\/pt-br\/wp-json\/wp\/v2\/pages"}],"about":[{"href":"https:\/\/www.subeagenciadigital.com\/pt-br\/wp-json\/wp\/v2\/types\/page"}],"author":[{"embeddable":true,"href":"https:\/\/www.subeagenciadigital.com\/pt-br\/wp-json\/wp\/v2\/users\/1"}],"replies":[{"embeddable":true,"href":"https:\/\/www.subeagenciadigital.com\/pt-br\/wp-json\/wp\/v2\/comments?post=16167"}],"version-history":[{"count":0,"href":"https:\/\/www.subeagenciadigital.com\/pt-br\/wp-json\/wp\/v2\/pages\/16167\/revisions"}],"wp:attachment":[{"href":"https:\/\/www.subeagenciadigital.com\/pt-br\/wp-json\/wp\/v2\/media?parent=16167"}],"curies":[{"name":"wp","href":"https:\/\/api.w.org\/{rel}","templated":true}]}}