{"id":16763,"date":"2024-12-05T18:51:18","date_gmt":"2024-12-05T18:51:18","guid":{"rendered":"https:\/\/www.subeagenciadigital.com\/nossos-servicos-por-industria\/"},"modified":"2025-02-17T17:50:53","modified_gmt":"2025-02-17T17:50:53","slug":"nossos-servicos-por-industria","status":"publish","type":"page","link":"https:\/\/www.subeagenciadigital.com\/pt-br\/nossos-servicos-por-industria\/","title":{"rendered":"Nossos servi\u00e7os por ind\u00fastria"},"content":{"rendered":"\t\t<div data-elementor-type=\"wp-page\" data-elementor-id=\"16763\" class=\"elementor elementor-16763 elementor-16182\" data-elementor-post-type=\"page\">\n\t\t\t\t<div class=\"elementor-element elementor-element-e852f6b e-con-full m1600 e-flex e-con e-parent\" data-id=\"e852f6b\" data-element_type=\"container\">\n\t\t\t\t<div class=\"elementor-element elementor-element-f231815 elementor-widget elementor-widget-aux_breadcrumbs\" data-id=\"f231815\" data-element_type=\"widget\" data-widget_type=\"aux_breadcrumbs.default\">\n\t\t\t\t<div class=\"elementor-widget-container\">\n\t\t\t<div class=\"aux-elementor-breadcrumbs\"><p class=\"aux-breadcrumbs\"><span><span><a href=\"https:\/\/www.subeagenciadigital.com\/pt-br\/\">Home<\/a><\/span><\/span><\/p><\/div>\t\t<\/div>\n\t\t\t\t<\/div>\n\t\t\t\t<\/div>\n\t\t<div class=\"elementor-element elementor-element-b2a3b76 e-flex e-con-boxed e-con e-parent\" data-id=\"b2a3b76\" data-element_type=\"container\">\n\t\t\t\t\t<div class=\"e-con-inner\">\n\t\t\t\t<div class=\"elementor-element elementor-element-a8e654e elementor-widget elementor-widget-heading\" data-id=\"a8e654e\" data-element_type=\"widget\" data-widget_type=\"heading.default\">\n\t\t\t\t<div class=\"elementor-widget-container\">\n\t\t\t<div class=\"elementor-heading-title elementor-size-default\">Nossos servi\u00e7os por<\/div>\t\t<\/div>\n\t\t\t\t<\/div>\n\t\t\t\t<div class=\"elementor-element elementor-element-9f3a1b0 elementor-widget elementor-widget-heading\" data-id=\"9f3a1b0\" data-element_type=\"widget\" data-widget_type=\"heading.default\">\n\t\t\t\t<div class=\"elementor-widget-container\">\n\t\t\t<h2 class=\"elementor-heading-title elementor-size-default\">Tipo de ind\u00fastria<\/h2>\t\t<\/div>\n\t\t\t\t<\/div>\n\t\t\t\t<div class=\"elementor-element elementor-element-b08b67b elementor-widget elementor-widget-text-editor\" data-id=\"b08b67b\" data-element_type=\"widget\" data-widget_type=\"text-editor.default\">\n\t\t\t\t<div class=\"elementor-widget-container\">\n\t\t\t\t\t\t\t<p>Na <strong>SUBE Digital Agency<\/strong>, oferecemos estrat\u00e9gias de marketing digital especializadas para cada setor, adaptando-nos aos seus desafios e oportunidades espec\u00edficos. Descubra como podemos impulsionar seu neg\u00f3cio. Clique no seu setor e comece a trabalhar conosco.<\/p>\t\t\t\t\t\t<\/div>\n\t\t\t\t<\/div>\n\t\t<div class=\"elementor-element elementor-element-9032214 e-grid e-con-full e-con e-child\" data-id=\"9032214\" data-element_type=\"container\">\n\t\t\t\t<div class=\"elementor-element elementor-element-3c65406 elementor-position-top elementor-widget elementor-widget-image-box\" data-id=\"3c65406\" data-element_type=\"widget\" data-widget_type=\"image-box.default\">\n\t\t\t\t<div class=\"elementor-widget-container\">\n\t\t\t<div class=\"elementor-image-box-wrapper\"><figure class=\"elementor-image-box-img\"><a href=\"https:\/\/www.subeagenciadigital.com\/pt-br\/nossos-servicos-por-industria\/marketing-digital-no-setor-de-comercio-eletronico-varejo\/\" tabindex=\"-1\"><img decoding=\"async\" width=\"128\" height=\"128\" src=\"https:\/\/www.subeagenciadigital.com\/wp-content\/uploads\/2024\/12\/e-commerce.png\" class=\"attachment-full size-full wp-image-16531\" alt=\"Imagen descriptiva sobre e commerce, utilizada como recurso visual en el sitio de Sube Agencia Digital\" \/><\/a><\/figure><div class=\"elementor-image-box-content\"><h3 class=\"elementor-image-box-title\"><a href=\"https:\/\/www.subeagenciadigital.com\/pt-br\/nossos-servicos-por-industria\/marketing-digital-no-setor-de-comercio-eletronico-varejo\/\">Ecommerce Retail<\/a><\/h3><\/div><\/div>\t\t<\/div>\n\t\t\t\t<\/div>\n\t\t\t\t<div class=\"elementor-element elementor-element-e8ca548 elementor-position-top elementor-widget elementor-widget-image-box\" data-id=\"e8ca548\" data-element_type=\"widget\" data-widget_type=\"image-box.default\">\n\t\t\t\t<div class=\"elementor-widget-container\">\n\t\t\t<div class=\"elementor-image-box-wrapper\"><figure class=\"elementor-image-box-img\"><a href=\"https:\/\/www.subeagenciadigital.com\/pt-br\/nossos-servicos-por-industria\/marketing-digital-no-setor-de-turismo\/\" tabindex=\"-1\"><img decoding=\"async\" width=\"128\" height=\"128\" src=\"https:\/\/www.subeagenciadigital.com\/wp-content\/uploads\/2024\/12\/turismo.png\" class=\"attachment-full size-full wp-image-16534\" alt=\"Imagen descriptiva sobre turismo, utilizada como recurso visual en el sitio de Sube Agencia Digital\" \/><\/a><\/figure><div class=\"elementor-image-box-content\"><h3 class=\"elementor-image-box-title\"><a href=\"https:\/\/www.subeagenciadigital.com\/pt-br\/nossos-servicos-por-industria\/marketing-digital-no-setor-de-turismo\/\">Turismo<\/a><\/h3><\/div><\/div>\t\t<\/div>\n\t\t\t\t<\/div>\n\t\t\t\t<div class=\"elementor-element elementor-element-931dca8 elementor-position-top elementor-widget elementor-widget-image-box\" data-id=\"931dca8\" data-element_type=\"widget\" data-widget_type=\"image-box.default\">\n\t\t\t\t<div class=\"elementor-widget-container\">\n\t\t\t<div class=\"elementor-image-box-wrapper\"><figure class=\"elementor-image-box-img\"><a href=\"https:\/\/www.subeagenciadigital.com\/pt-br\/nossos-servicos-por-industria\/marketing-digital-no-setor-financeiro\/\" tabindex=\"-1\"><img decoding=\"async\" width=\"128\" height=\"128\" src=\"https:\/\/www.subeagenciadigital.com\/wp-content\/uploads\/2024\/12\/ahorrar-dinero.png\" class=\"attachment-full size-full wp-image-16537\" alt=\"Imagen descriptiva sobre ahorrar dinero, utilizada como recurso visual en el sitio de Sube Agencia Digital\" \/><\/a><\/figure><div class=\"elementor-image-box-content\"><h3 class=\"elementor-image-box-title\"><a href=\"https:\/\/www.subeagenciadigital.com\/pt-br\/nossos-servicos-por-industria\/marketing-digital-no-setor-financeiro\/\">Financeiro<\/a><\/h3><\/div><\/div>\t\t<\/div>\n\t\t\t\t<\/div>\n\t\t\t\t<div class=\"elementor-element elementor-element-da793f4 elementor-position-top elementor-widget elementor-widget-image-box\" data-id=\"da793f4\" data-element_type=\"widget\" data-widget_type=\"image-box.default\">\n\t\t\t\t<div class=\"elementor-widget-container\">\n\t\t\t<div class=\"elementor-image-box-wrapper\"><figure class=\"elementor-image-box-img\"><a href=\"https:\/\/www.subeagenciadigital.com\/pt-br\/nossos-servicos-por-industria\/marketing-digital-no-setor-de-educacao\/\" tabindex=\"-1\"><img loading=\"lazy\" decoding=\"async\" width=\"128\" height=\"128\" src=\"https:\/\/www.subeagenciadigital.com\/wp-content\/uploads\/2024\/12\/educacion.png\" class=\"attachment-full size-full wp-image-16540\" alt=\"Imagen descriptiva sobre educacion, utilizada como recurso visual en el sitio de Sube Agencia Digital\" \/><\/a><\/figure><div class=\"elementor-image-box-content\"><h3 class=\"elementor-image-box-title\"><a href=\"https:\/\/www.subeagenciadigital.com\/pt-br\/nossos-servicos-por-industria\/marketing-digital-no-setor-de-educacao\/\">Educacional<\/a><\/h3><\/div><\/div>\t\t<\/div>\n\t\t\t\t<\/div>\n\t\t\t\t<div class=\"elementor-element elementor-element-18b45e3 elementor-position-top elementor-widget elementor-widget-image-box\" data-id=\"18b45e3\" data-element_type=\"widget\" data-widget_type=\"image-box.default\">\n\t\t\t\t<div class=\"elementor-widget-container\">\n\t\t\t<div class=\"elementor-image-box-wrapper\"><figure class=\"elementor-image-box-img\"><a href=\"https:\/\/www.subeagenciadigital.com\/pt-br\/nossos-servicos-por-industria\/marketing-digital-no-setor-de-servicos\/\" tabindex=\"-1\"><img loading=\"lazy\" decoding=\"async\" width=\"128\" height=\"128\" src=\"https:\/\/www.subeagenciadigital.com\/wp-content\/uploads\/2024\/12\/apoyo.png\" class=\"attachment-full size-full wp-image-16544\" alt=\"Imagen descriptiva sobre apoyo, utilizada como recurso visual en el sitio de Sube Agencia Digital\" \/><\/a><\/figure><div class=\"elementor-image-box-content\"><h3 class=\"elementor-image-box-title\"><a href=\"https:\/\/www.subeagenciadigital.com\/pt-br\/nossos-servicos-por-industria\/marketing-digital-no-setor-de-servicos\/\">Servi\u00e7os<\/a><\/h3><\/div><\/div>\t\t<\/div>\n\t\t\t\t<\/div>\n\t\t\t\t<div class=\"elementor-element elementor-element-e1a7b76 elementor-position-top elementor-widget elementor-widget-image-box\" data-id=\"e1a7b76\" data-element_type=\"widget\" data-widget_type=\"image-box.default\">\n\t\t\t\t<div class=\"elementor-widget-container\">\n\t\t\t<div class=\"elementor-image-box-wrapper\"><figure class=\"elementor-image-box-img\"><a href=\"https:\/\/www.subeagenciadigital.com\/pt-br\/nossos-servicos-por-industria\/marketing-digital-no-setor-de-entretenimento\/\" tabindex=\"-1\"><img loading=\"lazy\" decoding=\"async\" width=\"128\" height=\"128\" src=\"https:\/\/www.subeagenciadigital.com\/wp-content\/uploads\/2024\/12\/viendo-una-pelicula.png\" class=\"attachment-full size-full wp-image-16547\" alt=\"Imagen descriptiva sobre viendo una pelicula, utilizada como recurso visual en el sitio de Sube Agencia Digital\" \/><\/a><\/figure><div class=\"elementor-image-box-content\"><h3 class=\"elementor-image-box-title\"><a href=\"https:\/\/www.subeagenciadigital.com\/pt-br\/nossos-servicos-por-industria\/marketing-digital-no-setor-de-entretenimento\/\">Entretenimento<\/a><\/h3><\/div><\/div>\t\t<\/div>\n\t\t\t\t<\/div>\n\t\t\t\t<\/div>\n\t\t\t\t\t<\/div>\n\t\t\t\t<\/div>\n\t\t\t\t<\/div>\n\t\t","protected":false},"excerpt":{"rendered":"<p>Home Nossos servi\u00e7os por Tipo de ind\u00fastria Na SUBE Digital Agency, oferecemos estrat\u00e9gias de marketing digital especializadas para cada setor, adaptando-nos aos seus desafios e oportunidades espec\u00edficos. Descubra como podemos impulsionar seu neg\u00f3cio. Clique no seu setor e comece a trabalhar conosco. Ecommerce Retail Turismo Financeiro Educacional Servi\u00e7os Entretenimento<\/p>\n","protected":false},"author":1,"featured_media":0,"parent":0,"menu_order":0,"comment_status":"closed","ping_status":"closed","template":"","meta":{"_acf_changed":false,"_eb_attr":"","footnotes":""},"class_list":["post-16763","page","type-page","status-publish","hentry"],"acf":[],"yoast_head":"<!-- This site is optimized with the Yoast SEO plugin v26.1.1 - https:\/\/yoast.com\/wordpress\/plugins\/seo\/ -->\n<title>Nossos servi\u00e7os por ind\u00fastria - SUBE<\/title>\n<meta name=\"robots\" content=\"index, follow, max-snippet:-1, max-image-preview:large, max-video-preview:-1\" \/>\n<link rel=\"canonical\" href=\"https:\/\/www.subeagenciadigital.com\/pt-br\/nossos-servicos-por-industria\/\" \/>\n<meta property=\"og:locale\" content=\"pt_BR\" \/>\n<meta property=\"og:type\" content=\"article\" \/>\n<meta property=\"og:title\" content=\"Nossos servi\u00e7os por ind\u00fastria - SUBE\" \/>\n<meta property=\"og:description\" content=\"Home Nossos servi\u00e7os por Tipo de ind\u00fastria Na SUBE Digital Agency, oferecemos estrat\u00e9gias de marketing digital especializadas para cada setor, adaptando-nos aos seus desafios e oportunidades espec\u00edficos. Descubra como podemos impulsionar seu neg\u00f3cio. Clique no seu setor e comece a trabalhar conosco. Ecommerce Retail Turismo Financeiro Educacional Servi\u00e7os Entretenimento\" \/>\n<meta property=\"og:url\" content=\"https:\/\/www.subeagenciadigital.com\/pt-br\/nossos-servicos-por-industria\/\" \/>\n<meta property=\"og:site_name\" content=\"SUBE\" \/>\n<meta property=\"article:modified_time\" content=\"2025-02-17T17:50:53+00:00\" \/>\n<meta property=\"og:image\" content=\"https:\/\/www.subeagenciadigital.com\/wp-content\/uploads\/2024\/12\/e-commerce.png\" \/>\n\t<meta property=\"og:image:width\" content=\"128\" \/>\n\t<meta property=\"og:image:height\" content=\"128\" \/>\n\t<meta property=\"og:image:type\" content=\"image\/png\" \/>\n<meta name=\"twitter:card\" content=\"summary_large_image\" \/>\n<meta name=\"twitter:label1\" content=\"Est. tempo de leitura\" \/>\n\t<meta name=\"twitter:data1\" content=\"2 minutos\" \/>\n<script type=\"application\/ld+json\" class=\"yoast-schema-graph\">{\"@context\":\"https:\/\/schema.org\",\"@graph\":[{\"@type\":\"WebPage\",\"@id\":\"https:\/\/www.subeagenciadigital.com\/pt-br\/nossos-servicos-por-industria\/\",\"url\":\"https:\/\/www.subeagenciadigital.com\/pt-br\/nossos-servicos-por-industria\/\",\"name\":\"Nossos servi\u00e7os por ind\u00fastria - SUBE\",\"isPartOf\":{\"@id\":\"https:\/\/www.subeagenciadigital.com\/pt-br\/#website\"},\"primaryImageOfPage\":{\"@id\":\"https:\/\/www.subeagenciadigital.com\/pt-br\/nossos-servicos-por-industria\/#primaryimage\"},\"image\":{\"@id\":\"https:\/\/www.subeagenciadigital.com\/pt-br\/nossos-servicos-por-industria\/#primaryimage\"},\"thumbnailUrl\":\"https:\/\/www.subeagenciadigital.com\/wp-content\/uploads\/2024\/12\/e-commerce.png\",\"datePublished\":\"2024-12-05T18:51:18+00:00\",\"dateModified\":\"2025-02-17T17:50:53+00:00\",\"breadcrumb\":{\"@id\":\"https:\/\/www.subeagenciadigital.com\/pt-br\/nossos-servicos-por-industria\/#breadcrumb\"},\"inLanguage\":\"pt-BR\",\"potentialAction\":[{\"@type\":\"ReadAction\",\"target\":[\"https:\/\/www.subeagenciadigital.com\/pt-br\/nossos-servicos-por-industria\/\"]}]},{\"@type\":\"ImageObject\",\"inLanguage\":\"pt-BR\",\"@id\":\"https:\/\/www.subeagenciadigital.com\/pt-br\/nossos-servicos-por-industria\/#primaryimage\",\"url\":\"https:\/\/www.subeagenciadigital.com\/wp-content\/uploads\/2024\/12\/e-commerce.png\",\"contentUrl\":\"https:\/\/www.subeagenciadigital.com\/wp-content\/uploads\/2024\/12\/e-commerce.png\"},{\"@type\":\"BreadcrumbList\",\"@id\":\"https:\/\/www.subeagenciadigital.com\/pt-br\/nossos-servicos-por-industria\/#breadcrumb\",\"itemListElement\":[{\"@type\":\"ListItem\",\"position\":1,\"name\":\"Home\",\"item\":\"https:\/\/www.subeagenciadigital.com\/pt-br\/\"},{\"@type\":\"ListItem\",\"position\":2,\"name\":\"Nossos servi\u00e7os por ind\u00fastria\"}]},{\"@type\":\"WebSite\",\"@id\":\"https:\/\/www.subeagenciadigital.com\/pt-br\/#website\",\"url\":\"https:\/\/www.subeagenciadigital.com\/pt-br\/\",\"name\":\"SUBE\",\"description\":\"\",\"publisher\":{\"@id\":\"https:\/\/www.subeagenciadigital.com\/pt-br\/#organization\"},\"potentialAction\":[{\"@type\":\"SearchAction\",\"target\":{\"@type\":\"EntryPoint\",\"urlTemplate\":\"https:\/\/www.subeagenciadigital.com\/pt-br\/?s={search_term_string}\"},\"query-input\":{\"@type\":\"PropertyValueSpecification\",\"valueRequired\":true,\"valueName\":\"search_term_string\"}}],\"inLanguage\":\"pt-BR\"},{\"@type\":\"Organization\",\"@id\":\"https:\/\/www.subeagenciadigital.com\/pt-br\/#organization\",\"name\":\"SUBE\",\"url\":\"https:\/\/www.subeagenciadigital.com\/pt-br\/\",\"logo\":{\"@type\":\"ImageObject\",\"inLanguage\":\"pt-BR\",\"@id\":\"https:\/\/www.subeagenciadigital.com\/pt-br\/#\/schema\/logo\/image\/\",\"url\":\"https:\/\/www.subeagenciadigital.com\/wp-content\/uploads\/2024\/08\/LOGO-bco.png\",\"contentUrl\":\"https:\/\/www.subeagenciadigital.com\/wp-content\/uploads\/2024\/08\/LOGO-bco.png\",\"width\":216,\"height\":110,\"caption\":\"SUBE\"},\"image\":{\"@id\":\"https:\/\/www.subeagenciadigital.com\/pt-br\/#\/schema\/logo\/image\/\"}}]}<\/script>\n<!-- \/ Yoast SEO plugin. -->","yoast_head_json":{"title":"Nossos servi\u00e7os por ind\u00fastria - SUBE","robots":{"index":"index","follow":"follow","max-snippet":"max-snippet:-1","max-image-preview":"max-image-preview:large","max-video-preview":"max-video-preview:-1"},"canonical":"https:\/\/www.subeagenciadigital.com\/pt-br\/nossos-servicos-por-industria\/","og_locale":"pt_BR","og_type":"article","og_title":"Nossos servi\u00e7os por ind\u00fastria - SUBE","og_description":"Home Nossos servi\u00e7os por Tipo de ind\u00fastria Na SUBE Digital Agency, oferecemos estrat\u00e9gias de marketing digital especializadas para cada setor, adaptando-nos aos seus desafios e oportunidades espec\u00edficos. Descubra como podemos impulsionar seu neg\u00f3cio. Clique no seu setor e comece a trabalhar conosco. Ecommerce Retail Turismo Financeiro Educacional Servi\u00e7os Entretenimento","og_url":"https:\/\/www.subeagenciadigital.com\/pt-br\/nossos-servicos-por-industria\/","og_site_name":"SUBE","article_modified_time":"2025-02-17T17:50:53+00:00","og_image":[{"width":128,"height":128,"url":"https:\/\/www.subeagenciadigital.com\/wp-content\/uploads\/2024\/12\/e-commerce.png","type":"image\/png"}],"twitter_card":"summary_large_image","twitter_misc":{"Est. tempo de leitura":"2 minutos"},"schema":{"@context":"https:\/\/schema.org","@graph":[{"@type":"WebPage","@id":"https:\/\/www.subeagenciadigital.com\/pt-br\/nossos-servicos-por-industria\/","url":"https:\/\/www.subeagenciadigital.com\/pt-br\/nossos-servicos-por-industria\/","name":"Nossos servi\u00e7os por ind\u00fastria - SUBE","isPartOf":{"@id":"https:\/\/www.subeagenciadigital.com\/pt-br\/#website"},"primaryImageOfPage":{"@id":"https:\/\/www.subeagenciadigital.com\/pt-br\/nossos-servicos-por-industria\/#primaryimage"},"image":{"@id":"https:\/\/www.subeagenciadigital.com\/pt-br\/nossos-servicos-por-industria\/#primaryimage"},"thumbnailUrl":"https:\/\/www.subeagenciadigital.com\/wp-content\/uploads\/2024\/12\/e-commerce.png","datePublished":"2024-12-05T18:51:18+00:00","dateModified":"2025-02-17T17:50:53+00:00","breadcrumb":{"@id":"https:\/\/www.subeagenciadigital.com\/pt-br\/nossos-servicos-por-industria\/#breadcrumb"},"inLanguage":"pt-BR","potentialAction":[{"@type":"ReadAction","target":["https:\/\/www.subeagenciadigital.com\/pt-br\/nossos-servicos-por-industria\/"]}]},{"@type":"ImageObject","inLanguage":"pt-BR","@id":"https:\/\/www.subeagenciadigital.com\/pt-br\/nossos-servicos-por-industria\/#primaryimage","url":"https:\/\/www.subeagenciadigital.com\/wp-content\/uploads\/2024\/12\/e-commerce.png","contentUrl":"https:\/\/www.subeagenciadigital.com\/wp-content\/uploads\/2024\/12\/e-commerce.png"},{"@type":"BreadcrumbList","@id":"https:\/\/www.subeagenciadigital.com\/pt-br\/nossos-servicos-por-industria\/#breadcrumb","itemListElement":[{"@type":"ListItem","position":1,"name":"Home","item":"https:\/\/www.subeagenciadigital.com\/pt-br\/"},{"@type":"ListItem","position":2,"name":"Nossos servi\u00e7os por ind\u00fastria"}]},{"@type":"WebSite","@id":"https:\/\/www.subeagenciadigital.com\/pt-br\/#website","url":"https:\/\/www.subeagenciadigital.com\/pt-br\/","name":"SUBE","description":"","publisher":{"@id":"https:\/\/www.subeagenciadigital.com\/pt-br\/#organization"},"potentialAction":[{"@type":"SearchAction","target":{"@type":"EntryPoint","urlTemplate":"https:\/\/www.subeagenciadigital.com\/pt-br\/?s={search_term_string}"},"query-input":{"@type":"PropertyValueSpecification","valueRequired":true,"valueName":"search_term_string"}}],"inLanguage":"pt-BR"},{"@type":"Organization","@id":"https:\/\/www.subeagenciadigital.com\/pt-br\/#organization","name":"SUBE","url":"https:\/\/www.subeagenciadigital.com\/pt-br\/","logo":{"@type":"ImageObject","inLanguage":"pt-BR","@id":"https:\/\/www.subeagenciadigital.com\/pt-br\/#\/schema\/logo\/image\/","url":"https:\/\/www.subeagenciadigital.com\/wp-content\/uploads\/2024\/08\/LOGO-bco.png","contentUrl":"https:\/\/www.subeagenciadigital.com\/wp-content\/uploads\/2024\/08\/LOGO-bco.png","width":216,"height":110,"caption":"SUBE"},"image":{"@id":"https:\/\/www.subeagenciadigital.com\/pt-br\/#\/schema\/logo\/image\/"}}]}},"_links":{"self":[{"href":"https:\/\/www.subeagenciadigital.com\/pt-br\/wp-json\/wp\/v2\/pages\/16763","targetHints":{"allow":["GET"]}}],"collection":[{"href":"https:\/\/www.subeagenciadigital.com\/pt-br\/wp-json\/wp\/v2\/pages"}],"about":[{"href":"https:\/\/www.subeagenciadigital.com\/pt-br\/wp-json\/wp\/v2\/types\/page"}],"author":[{"embeddable":true,"href":"https:\/\/www.subeagenciadigital.com\/pt-br\/wp-json\/wp\/v2\/users\/1"}],"replies":[{"embeddable":true,"href":"https:\/\/www.subeagenciadigital.com\/pt-br\/wp-json\/wp\/v2\/comments?post=16763"}],"version-history":[{"count":8,"href":"https:\/\/www.subeagenciadigital.com\/pt-br\/wp-json\/wp\/v2\/pages\/16763\/revisions"}],"predecessor-version":[{"id":20988,"href":"https:\/\/www.subeagenciadigital.com\/pt-br\/wp-json\/wp\/v2\/pages\/16763\/revisions\/20988"}],"wp:attachment":[{"href":"https:\/\/www.subeagenciadigital.com\/pt-br\/wp-json\/wp\/v2\/media?parent=16763"}],"curies":[{"name":"wp","href":"https:\/\/api.w.org\/{rel}","templated":true}]}}