{"id":16779,"date":"2024-12-05T18:52:25","date_gmt":"2024-12-05T18:52:25","guid":{"rendered":"https:\/\/www.subeagenciadigital.com\/nossos-servicos-por-estrategias\/"},"modified":"2025-02-14T00:20:24","modified_gmt":"2025-02-14T00:20:24","slug":"nossos-servicos-por-estrategias","status":"publish","type":"page","link":"https:\/\/www.subeagenciadigital.com\/pt-br\/nossos-servicos-por-estrategias\/","title":{"rendered":"Nossos servi\u00e7os por estrat\u00e9gias"},"content":{"rendered":"\t\t<div data-elementor-type=\"wp-page\" data-elementor-id=\"16779\" class=\"elementor elementor-16779 elementor-16183\" data-elementor-post-type=\"page\">\n\t\t\t\t<div class=\"aux-parallax-section elementor-element elementor-element-74ed117 e-con-full m1600 e-flex e-con e-parent\" data-id=\"74ed117\" data-element_type=\"container\">\n\t\t\t\t<div class=\"elementor-element elementor-element-5cb10db elementor-widget elementor-widget-aux_breadcrumbs\" data-id=\"5cb10db\" data-element_type=\"widget\" data-widget_type=\"aux_breadcrumbs.default\">\n\t\t\t\t<div class=\"elementor-widget-container\">\n\t\t\t<div class=\"aux-elementor-breadcrumbs\"><p class=\"aux-breadcrumbs\"><span><span><a href=\"https:\/\/www.subeagenciadigital.com\/pt-br\/\">Home<\/a><\/span><\/span><\/p><\/div>\t\t<\/div>\n\t\t\t\t<\/div>\n\t\t\t\t<\/div>\n\t\t<div class=\"aux-parallax-section elementor-element elementor-element-cf1cf23 e-flex e-con-boxed e-con e-parent\" data-id=\"cf1cf23\" data-element_type=\"container\">\n\t\t\t\t\t<div class=\"e-con-inner\">\n\t\t\t\t<div class=\"elementor-element elementor-element-a7b923c elementor-widget elementor-widget-heading\" data-id=\"a7b923c\" data-element_type=\"widget\" data-widget_type=\"heading.default\">\n\t\t\t\t<div class=\"elementor-widget-container\">\n\t\t\t<div class=\"elementor-heading-title elementor-size-default\">Nossos servi\u00e7os por<\/div>\t\t<\/div>\n\t\t\t\t<\/div>\n\t\t\t\t<div class=\"elementor-element elementor-element-eefa450 elementor-widget elementor-widget-heading\" data-id=\"eefa450\" data-element_type=\"widget\" data-widget_type=\"heading.default\">\n\t\t\t\t<div class=\"elementor-widget-container\">\n\t\t\t<h1 class=\"elementor-heading-title elementor-size-default\">Tipo de estrat\u00e9gia<\/h1>\t\t<\/div>\n\t\t\t\t<\/div>\n\t\t\t\t<div class=\"elementor-element elementor-element-49c0059 elementor-widget elementor-widget-text-editor\" data-id=\"49c0059\" data-element_type=\"widget\" data-widget_type=\"text-editor.default\">\n\t\t\t\t<div class=\"elementor-widget-container\">\n\t\t\t\t\t\t\t<p>Na <strong>SUBE Digital Agency<\/strong>, criamos estrat\u00e9gias de marketing digital personalizadas, desde Inbound Marketing e SEO at\u00e9 M\u00eddia Paga e Automa\u00e7\u00e3o. Adaptamos cada solu\u00e7\u00e3o aos seus objetivos para maximizar resultados e otimizar o desempenho do seu neg\u00f3cio.<\/p>\t\t\t\t\t\t<\/div>\n\t\t\t\t<\/div>\n\t\t<div class=\"elementor-element elementor-element-0a443c8 e-grid e-con-full e-con e-child\" data-id=\"0a443c8\" data-element_type=\"container\">\n\t\t\t\t<div class=\"elementor-element elementor-element-0c5ae7d elementor-position-top elementor-widget elementor-widget-image-box\" data-id=\"0c5ae7d\" data-element_type=\"widget\" data-widget_type=\"image-box.default\">\n\t\t\t\t<div class=\"elementor-widget-container\">\n\t\t\t<div class=\"elementor-image-box-wrapper\"><figure class=\"elementor-image-box-img\"><a href=\"https:\/\/www.subeagenciadigital.com\/pt-br\/estrategias-de-marketing-digital-para-comercio-eletronico\/\" tabindex=\"-1\"><img decoding=\"async\" width=\"88\" height=\"71\" src=\"https:\/\/www.subeagenciadigital.com\/wp-content\/uploads\/2024\/08\/icon-9.png\" class=\"attachment-full size-full wp-image-651\" alt=\"Imagen descriptiva sobre icon 9, utilizada como recurso visual en el sitio de Sube Agencia Digital\" \/><\/a><\/figure><div class=\"elementor-image-box-content\"><h3 class=\"elementor-image-box-title\"><a href=\"https:\/\/www.subeagenciadigital.com\/pt-br\/estrategias-de-marketing-digital-para-comercio-eletronico\/\">Marketing Digital para Ecommerce<\/a><\/h3><\/div><\/div>\t\t<\/div>\n\t\t\t\t<\/div>\n\t\t\t\t<div class=\"elementor-element elementor-element-4d78c09 elementor-position-top elementor-widget elementor-widget-image-box\" data-id=\"4d78c09\" data-element_type=\"widget\" data-widget_type=\"image-box.default\">\n\t\t\t\t<div class=\"elementor-widget-container\">\n\t\t\t<div class=\"elementor-image-box-wrapper\"><figure class=\"elementor-image-box-img\"><a href=\"https:\/\/www.subeagenciadigital.com\/pt-br\/domine-sua-estrategia-de-inbound-marketing-para-obter-sucesso\/\" tabindex=\"-1\"><img decoding=\"async\" width=\"84\" height=\"84\" src=\"https:\/\/www.subeagenciadigital.com\/wp-content\/uploads\/2024\/08\/icon-14.png\" class=\"attachment-full size-full wp-image-777\" alt=\"Imagen descriptiva sobre icon 14, utilizada como recurso visual en el sitio de Sube Agencia Digital\" \/><\/a><\/figure><div class=\"elementor-image-box-content\"><h3 class=\"elementor-image-box-title\"><a href=\"https:\/\/www.subeagenciadigital.com\/pt-br\/domine-sua-estrategia-de-inbound-marketing-para-obter-sucesso\/\">Inbound Marketing<\/a><\/h3><\/div><\/div>\t\t<\/div>\n\t\t\t\t<\/div>\n\t\t\t\t<div class=\"elementor-element elementor-element-642b1a4 elementor-position-top elementor-widget elementor-widget-image-box\" data-id=\"642b1a4\" data-element_type=\"widget\" data-widget_type=\"image-box.default\">\n\t\t\t\t<div class=\"elementor-widget-container\">\n\t\t\t<div class=\"elementor-image-box-wrapper\"><figure class=\"elementor-image-box-img\"><a href=\"https:\/\/www.subeagenciadigital.com\/pt-br\/conheca-a-estrategia-de-geracao-de-leads-b2b\/\" tabindex=\"-1\"><img decoding=\"async\" width=\"50\" height=\"82\" src=\"https:\/\/www.subeagenciadigital.com\/wp-content\/uploads\/2024\/08\/icon-15.png\" class=\"attachment-full size-full wp-image-776\" alt=\"Imagen descriptiva sobre icon 15, utilizada como recurso visual en el sitio de Sube Agencia Digital\" \/><\/a><\/figure><div class=\"elementor-image-box-content\"><h3 class=\"elementor-image-box-title\"><a href=\"https:\/\/www.subeagenciadigital.com\/pt-br\/conheca-a-estrategia-de-geracao-de-leads-b2b\/\">Lead Generation B2B<\/a><\/h3><\/div><\/div>\t\t<\/div>\n\t\t\t\t<\/div>\n\t\t\t\t<div class=\"elementor-element elementor-element-9c89b36 elementor-position-top elementor-widget elementor-widget-image-box\" data-id=\"9c89b36\" data-element_type=\"widget\" data-widget_type=\"image-box.default\">\n\t\t\t\t<div class=\"elementor-widget-container\">\n\t\t\t<div class=\"elementor-image-box-wrapper\"><figure class=\"elementor-image-box-img\"><a href=\"https:\/\/www.subeagenciadigital.com\/pt-br\/estrategia-de-geracao-de-leads-b2c\/\" tabindex=\"-1\"><img loading=\"lazy\" decoding=\"async\" width=\"64\" height=\"80\" src=\"https:\/\/www.subeagenciadigital.com\/wp-content\/uploads\/2024\/08\/icon-16.png\" class=\"attachment-full size-full wp-image-775\" alt=\"Imagen descriptiva sobre icon 16, utilizada como recurso visual en el sitio de Sube Agencia Digital\" \/><\/a><\/figure><div class=\"elementor-image-box-content\"><h3 class=\"elementor-image-box-title\"><a href=\"https:\/\/www.subeagenciadigital.com\/pt-br\/estrategia-de-geracao-de-leads-b2c\/\">Lead Generation B2C<\/a><\/h3><\/div><\/div>\t\t<\/div>\n\t\t\t\t<\/div>\n\t\t\t\t<\/div>\n\t\t\t\t\t<\/div>\n\t\t\t\t<\/div>\n\t\t\t\t<\/div>\n\t\t","protected":false},"excerpt":{"rendered":"<p>Home Nossos servi\u00e7os por Tipo de estrat\u00e9gia Na SUBE Digital Agency, criamos estrat\u00e9gias de marketing digital personalizadas, desde Inbound Marketing e SEO at\u00e9 M\u00eddia Paga e Automa\u00e7\u00e3o. Adaptamos cada solu\u00e7\u00e3o aos seus objetivos para maximizar resultados e otimizar o desempenho do seu neg\u00f3cio. Marketing Digital para Ecommerce Inbound Marketing Lead Generation B2B Lead Generation B2C<\/p>\n","protected":false},"author":1,"featured_media":0,"parent":0,"menu_order":0,"comment_status":"closed","ping_status":"closed","template":"","meta":{"_acf_changed":false,"_eb_attr":"","footnotes":""},"class_list":["post-16779","page","type-page","status-publish","hentry"],"acf":[],"yoast_head":"<!-- This site is optimized with the Yoast SEO plugin v27.4 - https:\/\/yoast.com\/product\/yoast-seo-wordpress\/ -->\n<title>Nossos servi\u00e7os por estrat\u00e9gias - SUBE<\/title>\n<meta name=\"robots\" content=\"index, follow, max-snippet:-1, max-image-preview:large, max-video-preview:-1\" \/>\n<link rel=\"canonical\" href=\"https:\/\/www.subeagenciadigital.com\/pt-br\/nossos-servicos-por-estrategias\/\" \/>\n<meta property=\"og:locale\" content=\"pt_BR\" \/>\n<meta property=\"og:type\" content=\"article\" \/>\n<meta property=\"og:title\" content=\"Nossos servi\u00e7os por estrat\u00e9gias - SUBE\" \/>\n<meta property=\"og:description\" content=\"Home Nossos servi\u00e7os por Tipo de estrat\u00e9gia Na SUBE Digital Agency, criamos estrat\u00e9gias de marketing digital personalizadas, desde Inbound Marketing e SEO at\u00e9 M\u00eddia Paga e Automa\u00e7\u00e3o. Adaptamos cada solu\u00e7\u00e3o aos seus objetivos para maximizar resultados e otimizar o desempenho do seu neg\u00f3cio. Marketing Digital para Ecommerce Inbound Marketing Lead Generation B2B Lead Generation B2C\" \/>\n<meta property=\"og:url\" content=\"https:\/\/www.subeagenciadigital.com\/pt-br\/nossos-servicos-por-estrategias\/\" \/>\n<meta property=\"og:site_name\" content=\"SUBE\" \/>\n<meta property=\"article:modified_time\" content=\"2025-02-14T00:20:24+00:00\" \/>\n<meta property=\"og:image\" content=\"https:\/\/www.subeagenciadigital.com\/wp-content\/uploads\/2024\/08\/icon-9.png\" \/>\n\t<meta property=\"og:image:width\" content=\"88\" \/>\n\t<meta property=\"og:image:height\" content=\"71\" \/>\n\t<meta property=\"og:image:type\" content=\"image\/png\" \/>\n<meta name=\"twitter:card\" content=\"summary_large_image\" \/>\n<meta name=\"twitter:label1\" content=\"Est. tempo de leitura\" \/>\n\t<meta name=\"twitter:data1\" content=\"2 minutos\" \/>\n<script type=\"application\/ld+json\" class=\"yoast-schema-graph\">{\"@context\":\"https:\\\/\\\/schema.org\",\"@graph\":[{\"@type\":\"WebPage\",\"@id\":\"https:\\\/\\\/www.subeagenciadigital.com\\\/pt-br\\\/nossos-servicos-por-estrategias\\\/\",\"url\":\"https:\\\/\\\/www.subeagenciadigital.com\\\/pt-br\\\/nossos-servicos-por-estrategias\\\/\",\"name\":\"Nossos servi\u00e7os por estrat\u00e9gias - SUBE\",\"isPartOf\":{\"@id\":\"https:\\\/\\\/www.subeagenciadigital.com\\\/pt-br\\\/#website\"},\"primaryImageOfPage\":{\"@id\":\"https:\\\/\\\/www.subeagenciadigital.com\\\/pt-br\\\/nossos-servicos-por-estrategias\\\/#primaryimage\"},\"image\":{\"@id\":\"https:\\\/\\\/www.subeagenciadigital.com\\\/pt-br\\\/nossos-servicos-por-estrategias\\\/#primaryimage\"},\"thumbnailUrl\":\"https:\\\/\\\/www.subeagenciadigital.com\\\/wp-content\\\/uploads\\\/2024\\\/08\\\/icon-9.png\",\"datePublished\":\"2024-12-05T18:52:25+00:00\",\"dateModified\":\"2025-02-14T00:20:24+00:00\",\"breadcrumb\":{\"@id\":\"https:\\\/\\\/www.subeagenciadigital.com\\\/pt-br\\\/nossos-servicos-por-estrategias\\\/#breadcrumb\"},\"inLanguage\":\"pt-BR\",\"potentialAction\":[{\"@type\":\"ReadAction\",\"target\":[\"https:\\\/\\\/www.subeagenciadigital.com\\\/pt-br\\\/nossos-servicos-por-estrategias\\\/\"]}]},{\"@type\":\"ImageObject\",\"inLanguage\":\"pt-BR\",\"@id\":\"https:\\\/\\\/www.subeagenciadigital.com\\\/pt-br\\\/nossos-servicos-por-estrategias\\\/#primaryimage\",\"url\":\"https:\\\/\\\/www.subeagenciadigital.com\\\/wp-content\\\/uploads\\\/2024\\\/08\\\/icon-9.png\",\"contentUrl\":\"https:\\\/\\\/www.subeagenciadigital.com\\\/wp-content\\\/uploads\\\/2024\\\/08\\\/icon-9.png\"},{\"@type\":\"BreadcrumbList\",\"@id\":\"https:\\\/\\\/www.subeagenciadigital.com\\\/pt-br\\\/nossos-servicos-por-estrategias\\\/#breadcrumb\",\"itemListElement\":[{\"@type\":\"ListItem\",\"position\":1,\"name\":\"Home\",\"item\":\"https:\\\/\\\/www.subeagenciadigital.com\\\/pt-br\\\/\"},{\"@type\":\"ListItem\",\"position\":2,\"name\":\"Nossos servi\u00e7os por estrat\u00e9gias\"}]},{\"@type\":\"WebSite\",\"@id\":\"https:\\\/\\\/www.subeagenciadigital.com\\\/pt-br\\\/#website\",\"url\":\"https:\\\/\\\/www.subeagenciadigital.com\\\/pt-br\\\/\",\"name\":\"SUBE\",\"description\":\"\",\"publisher\":{\"@id\":\"https:\\\/\\\/www.subeagenciadigital.com\\\/pt-br\\\/#organization\"},\"potentialAction\":[{\"@type\":\"SearchAction\",\"target\":{\"@type\":\"EntryPoint\",\"urlTemplate\":\"https:\\\/\\\/www.subeagenciadigital.com\\\/pt-br\\\/?s={search_term_string}\"},\"query-input\":{\"@type\":\"PropertyValueSpecification\",\"valueRequired\":true,\"valueName\":\"search_term_string\"}}],\"inLanguage\":\"pt-BR\"},{\"@type\":\"Organization\",\"@id\":\"https:\\\/\\\/www.subeagenciadigital.com\\\/pt-br\\\/#organization\",\"name\":\"SUBE\",\"url\":\"https:\\\/\\\/www.subeagenciadigital.com\\\/pt-br\\\/\",\"logo\":{\"@type\":\"ImageObject\",\"inLanguage\":\"pt-BR\",\"@id\":\"https:\\\/\\\/www.subeagenciadigital.com\\\/pt-br\\\/#\\\/schema\\\/logo\\\/image\\\/\",\"url\":\"https:\\\/\\\/www.subeagenciadigital.com\\\/wp-content\\\/uploads\\\/2024\\\/08\\\/LOGO-bco.png\",\"contentUrl\":\"https:\\\/\\\/www.subeagenciadigital.com\\\/wp-content\\\/uploads\\\/2024\\\/08\\\/LOGO-bco.png\",\"width\":216,\"height\":110,\"caption\":\"SUBE\"},\"image\":{\"@id\":\"https:\\\/\\\/www.subeagenciadigital.com\\\/pt-br\\\/#\\\/schema\\\/logo\\\/image\\\/\"}}]}<\/script>\n<!-- \/ Yoast SEO plugin. -->","yoast_head_json":{"title":"Nossos servi\u00e7os por estrat\u00e9gias - SUBE","robots":{"index":"index","follow":"follow","max-snippet":"max-snippet:-1","max-image-preview":"max-image-preview:large","max-video-preview":"max-video-preview:-1"},"canonical":"https:\/\/www.subeagenciadigital.com\/pt-br\/nossos-servicos-por-estrategias\/","og_locale":"pt_BR","og_type":"article","og_title":"Nossos servi\u00e7os por estrat\u00e9gias - SUBE","og_description":"Home Nossos servi\u00e7os por Tipo de estrat\u00e9gia Na SUBE Digital Agency, criamos estrat\u00e9gias de marketing digital personalizadas, desde Inbound Marketing e SEO at\u00e9 M\u00eddia Paga e Automa\u00e7\u00e3o. Adaptamos cada solu\u00e7\u00e3o aos seus objetivos para maximizar resultados e otimizar o desempenho do seu neg\u00f3cio. Marketing Digital para Ecommerce Inbound Marketing Lead Generation B2B Lead Generation B2C","og_url":"https:\/\/www.subeagenciadigital.com\/pt-br\/nossos-servicos-por-estrategias\/","og_site_name":"SUBE","article_modified_time":"2025-02-14T00:20:24+00:00","og_image":[{"width":88,"height":71,"url":"https:\/\/www.subeagenciadigital.com\/wp-content\/uploads\/2024\/08\/icon-9.png","type":"image\/png"}],"twitter_card":"summary_large_image","twitter_misc":{"Est. tempo de leitura":"2 minutos"},"schema":{"@context":"https:\/\/schema.org","@graph":[{"@type":"WebPage","@id":"https:\/\/www.subeagenciadigital.com\/pt-br\/nossos-servicos-por-estrategias\/","url":"https:\/\/www.subeagenciadigital.com\/pt-br\/nossos-servicos-por-estrategias\/","name":"Nossos servi\u00e7os por estrat\u00e9gias - SUBE","isPartOf":{"@id":"https:\/\/www.subeagenciadigital.com\/pt-br\/#website"},"primaryImageOfPage":{"@id":"https:\/\/www.subeagenciadigital.com\/pt-br\/nossos-servicos-por-estrategias\/#primaryimage"},"image":{"@id":"https:\/\/www.subeagenciadigital.com\/pt-br\/nossos-servicos-por-estrategias\/#primaryimage"},"thumbnailUrl":"https:\/\/www.subeagenciadigital.com\/wp-content\/uploads\/2024\/08\/icon-9.png","datePublished":"2024-12-05T18:52:25+00:00","dateModified":"2025-02-14T00:20:24+00:00","breadcrumb":{"@id":"https:\/\/www.subeagenciadigital.com\/pt-br\/nossos-servicos-por-estrategias\/#breadcrumb"},"inLanguage":"pt-BR","potentialAction":[{"@type":"ReadAction","target":["https:\/\/www.subeagenciadigital.com\/pt-br\/nossos-servicos-por-estrategias\/"]}]},{"@type":"ImageObject","inLanguage":"pt-BR","@id":"https:\/\/www.subeagenciadigital.com\/pt-br\/nossos-servicos-por-estrategias\/#primaryimage","url":"https:\/\/www.subeagenciadigital.com\/wp-content\/uploads\/2024\/08\/icon-9.png","contentUrl":"https:\/\/www.subeagenciadigital.com\/wp-content\/uploads\/2024\/08\/icon-9.png"},{"@type":"BreadcrumbList","@id":"https:\/\/www.subeagenciadigital.com\/pt-br\/nossos-servicos-por-estrategias\/#breadcrumb","itemListElement":[{"@type":"ListItem","position":1,"name":"Home","item":"https:\/\/www.subeagenciadigital.com\/pt-br\/"},{"@type":"ListItem","position":2,"name":"Nossos servi\u00e7os por estrat\u00e9gias"}]},{"@type":"WebSite","@id":"https:\/\/www.subeagenciadigital.com\/pt-br\/#website","url":"https:\/\/www.subeagenciadigital.com\/pt-br\/","name":"SUBE","description":"","publisher":{"@id":"https:\/\/www.subeagenciadigital.com\/pt-br\/#organization"},"potentialAction":[{"@type":"SearchAction","target":{"@type":"EntryPoint","urlTemplate":"https:\/\/www.subeagenciadigital.com\/pt-br\/?s={search_term_string}"},"query-input":{"@type":"PropertyValueSpecification","valueRequired":true,"valueName":"search_term_string"}}],"inLanguage":"pt-BR"},{"@type":"Organization","@id":"https:\/\/www.subeagenciadigital.com\/pt-br\/#organization","name":"SUBE","url":"https:\/\/www.subeagenciadigital.com\/pt-br\/","logo":{"@type":"ImageObject","inLanguage":"pt-BR","@id":"https:\/\/www.subeagenciadigital.com\/pt-br\/#\/schema\/logo\/image\/","url":"https:\/\/www.subeagenciadigital.com\/wp-content\/uploads\/2024\/08\/LOGO-bco.png","contentUrl":"https:\/\/www.subeagenciadigital.com\/wp-content\/uploads\/2024\/08\/LOGO-bco.png","width":216,"height":110,"caption":"SUBE"},"image":{"@id":"https:\/\/www.subeagenciadigital.com\/pt-br\/#\/schema\/logo\/image\/"}}]}},"_links":{"self":[{"href":"https:\/\/www.subeagenciadigital.com\/pt-br\/wp-json\/wp\/v2\/pages\/16779","targetHints":{"allow":["GET"]}}],"collection":[{"href":"https:\/\/www.subeagenciadigital.com\/pt-br\/wp-json\/wp\/v2\/pages"}],"about":[{"href":"https:\/\/www.subeagenciadigital.com\/pt-br\/wp-json\/wp\/v2\/types\/page"}],"author":[{"embeddable":true,"href":"https:\/\/www.subeagenciadigital.com\/pt-br\/wp-json\/wp\/v2\/users\/1"}],"replies":[{"embeddable":true,"href":"https:\/\/www.subeagenciadigital.com\/pt-br\/wp-json\/wp\/v2\/comments?post=16779"}],"version-history":[{"count":5,"href":"https:\/\/www.subeagenciadigital.com\/pt-br\/wp-json\/wp\/v2\/pages\/16779\/revisions"}],"predecessor-version":[{"id":20944,"href":"https:\/\/www.subeagenciadigital.com\/pt-br\/wp-json\/wp\/v2\/pages\/16779\/revisions\/20944"}],"wp:attachment":[{"href":"https:\/\/www.subeagenciadigital.com\/pt-br\/wp-json\/wp\/v2\/media?parent=16779"}],"curies":[{"name":"wp","href":"https:\/\/api.w.org\/{rel}","templated":true}]}}