{"id":18717,"date":"2024-12-26T20:13:55","date_gmt":"2024-12-26T20:13:55","guid":{"rendered":"https:\/\/www.subeagenciadigital.com\/aviso-de-privacidade\/"},"modified":"2024-12-28T23:40:19","modified_gmt":"2024-12-28T23:40:19","slug":"aviso-de-privacidade","status":"publish","type":"page","link":"https:\/\/www.subeagenciadigital.com\/pt-br\/aviso-de-privacidade\/","title":{"rendered":"Aviso de Privacidade"},"content":{"rendered":"\n<p>O presente documento constitui o Aviso de Privacidade para os efeitos do disposto na Lei Federal de Prote\u00e7\u00e3o de Dados Pessoais em Posse dos Particulares (a \u201cLFPDP\u201d) e nas disposi\u00e7\u00f5es que dela derivam ou com ela se relacionam. Este Aviso de Privacidade (doravante denominado \u201cAviso\u201d) aplica-se \u00e0s informa\u00e7\u00f5es pessoais coletadas sobre o Titular pela <strong>Sube Ag\u00eancia Digital<\/strong>, na qualidade de Respons\u00e1vel. <\/p>\n\n<p><strong>Quais informa\u00e7\u00f5es coletamos?<\/strong><\/p>\n\n<p>O Respons\u00e1vel coleta informa\u00e7\u00f5es que possam identific\u00e1-lo de maneira razo\u00e1vel, como, a t\u00edtulo de exemplo, mas n\u00e3o limitado a: seu nome e sobrenome; data de nascimento; endere\u00e7o; endere\u00e7o de e-mail; n\u00famero de telefone fixo e\/ou celular; Registro Federal de Contribuintes (RFC); n\u00famero de cart\u00f5es e\/ou contas.<\/p>\n\n<p><strong>Como coletamos as informa\u00e7\u00f5es?<\/strong><\/p>\n\n<p>A coleta de dados pessoais poder\u00e1 ser realizada, por exemplo:<\/p>\n\n<ul class=\"wp-block-list\">\n<li>Por meio do uso de e-mails e reuni\u00f5es presenciais realizadas com voc\u00ea.<\/li>\n\n\n\n<li>Quando voc\u00ea entra em contato conosco por telefone.<\/li>\n\n\n\n<li>Por meio da utiliza\u00e7\u00e3o dos sites do Respons\u00e1vel.<\/li>\n\n\n\n<li>Por meio de ferramentas autom\u00e1ticas de captura de dados.<\/li>\n\n\n\n<li>Por meio de coleta direta.<\/li>\n\n\n\n<li>Por meio de fontes de acesso p\u00fablico e outras fontes dispon\u00edveis no mercado.<\/li>\n\n\n\n<li>Todas as informa\u00e7\u00f5es que coletamos sobre voc\u00ea podem ser combinadas para nos ajudar a personalizar nossas comunica\u00e7\u00f5es e identificar novos servi\u00e7os ou melhorias nos servi\u00e7os j\u00e1 prestados, atendendo \u00e0s suas necessidades e prefer\u00eancias.<\/li>\n<\/ul>\n\n<p><strong>Como usamos ou compartilhamos as informa\u00e7\u00f5es que coletamos?<\/strong><\/p>\n\n<p>Alguns exemplos das finalidades das informa\u00e7\u00f5es que coletamos s\u00e3o:<\/p>\n\n<p>Utilizamos as informa\u00e7\u00f5es para oferecer os servi\u00e7os solicitados, informar sobre outros servi\u00e7os oferecidos pelo Respons\u00e1vel e administrar nossos sites e servi\u00e7os.<\/p>\n\n<p>Realizamos estudos sobre dados demogr\u00e1ficos, interesses e comportamento; estudos de mercado e de consumo com o objetivo de adquirir e oferecer produtos e servi\u00e7os personalizados, bem como publicidade e conte\u00fados mais adequados \u00e0s suas necessidades.<\/p>\n\n<p>Formalizamos processos contratuais com clientes, consumidores, fornecedores e outros terceiros, bem como gerenciamos servi\u00e7os e rela\u00e7\u00f5es comerciais com fornecedores e outros terceiros com os quais lidamos.<\/p>\n\n<p><strong>Como exercer seus direitos ARCO?<\/strong><\/p>\n\n<p>Para receber, registrar e atender solicita\u00e7\u00f5es relacionadas ao exerc\u00edcio de seus direitos de acesso, retifica\u00e7\u00e3o, cancelamento e oposi\u00e7\u00e3o aos seus Dados Pessoais, bem como para limitar o uso ou divulga\u00e7\u00e3o de seus dados, e os demais direitos previstos na LFPDP, entre em contato com a \u00e1rea respons\u00e1vel pelo tratamento de dados pessoais, enviando um e-mail para <strong>contato@subeagenciadigital.com<\/strong>. Daremos o devido acompanhamento \u00e0 sua solicita\u00e7\u00e3o no prazo m\u00e1ximo de 3 (tr\u00eas) dias \u00fateis. Caso voc\u00ea deseje que seus dados pessoais sejam exclu\u00eddos de todas as nossas bases de dados, envie um e-mail para o endere\u00e7o indicado, com o assunto \u201cExcluir dados\u201d. <\/p>\n\n<p><strong>Altera\u00e7\u00f5es ao Aviso de Privacidade<\/strong><\/p>\n\n<p>A Sube Ag\u00eancia Digital reserva-se o direito de atualizar periodicamente o presente Aviso para refletir altera\u00e7\u00f5es em nossas pr\u00e1ticas de informa\u00e7\u00f5es. \u00c9 responsabilidade do Titular revisar periodicamente o conte\u00fado do Aviso no site <strong>www.subeagenciadigital.com<\/strong>, onde ser\u00e3o publicadas as altera\u00e7\u00f5es realizadas juntamente com a data da \u00faltima atualiza\u00e7\u00e3o. <\/p>\n\n<p><\/p>\n","protected":false},"excerpt":{"rendered":"<p>O presente documento constitui o Aviso de Privacidade para os efeitos do disposto na Lei Federal de Prote\u00e7\u00e3o de Dados Pessoais em Posse dos Particulares (a \u201cLFPDP\u201d) e nas disposi\u00e7\u00f5es que dela derivam ou com ela se relacionam. Este Aviso de Privacidade (doravante denominado \u201cAviso\u201d) aplica-se \u00e0s informa\u00e7\u00f5es pessoais coletadas sobre o Titular pela Sube [&hellip;]<\/p>\n","protected":false},"author":1,"featured_media":0,"parent":0,"menu_order":0,"comment_status":"closed","ping_status":"closed","template":"","meta":{"_acf_changed":false,"_yoast_wpseo_focuskw":"","_yoast_wpseo_title":"","_yoast_wpseo_metadesc":"","_yoast_wpseo_opengraph-title":"","_yoast_wpseo_opengraph-description":"","_eb_attr":"","footnotes":""},"class_list":["post-18717","page","type-page","status-publish","hentry"],"acf":[],"yoast_head":"<!-- This site is optimized with the Yoast SEO plugin v27.6 - https:\/\/yoast.com\/product\/yoast-seo-wordpress\/ -->\n<title>Aviso de Privacidade - SUBE<\/title>\n<meta name=\"robots\" content=\"index, follow, max-snippet:-1, max-image-preview:large, max-video-preview:-1\" \/>\n<link rel=\"canonical\" href=\"https:\/\/www.subeagenciadigital.com\/pt-br\/aviso-de-privacidade\/\" \/>\n<meta property=\"og:locale\" content=\"pt_BR\" \/>\n<meta property=\"og:type\" content=\"article\" \/>\n<meta property=\"og:title\" content=\"Aviso de Privacidade - SUBE\" \/>\n<meta property=\"og:description\" content=\"O presente documento constitui o Aviso de Privacidade para os efeitos do disposto na Lei Federal de Prote\u00e7\u00e3o de Dados Pessoais em Posse dos Particulares (a \u201cLFPDP\u201d) e nas disposi\u00e7\u00f5es que dela derivam ou com ela se relacionam. Este Aviso de Privacidade (doravante denominado \u201cAviso\u201d) aplica-se \u00e0s informa\u00e7\u00f5es pessoais coletadas sobre o Titular pela Sube [&hellip;]\" \/>\n<meta property=\"og:url\" content=\"https:\/\/www.subeagenciadigital.com\/pt-br\/aviso-de-privacidade\/\" \/>\n<meta property=\"og:site_name\" content=\"SUBE\" \/>\n<meta property=\"article:modified_time\" content=\"2024-12-28T23:40:19+00:00\" \/>\n<meta name=\"twitter:card\" content=\"summary_large_image\" \/>\n<meta name=\"twitter:label1\" content=\"Est. tempo de leitura\" \/>\n\t<meta name=\"twitter:data1\" content=\"3 minutos\" \/>\n<script type=\"application\/ld+json\" class=\"yoast-schema-graph\">{\"@context\":\"https:\\\/\\\/schema.org\",\"@graph\":[{\"@type\":\"WebPage\",\"@id\":\"https:\\\/\\\/www.subeagenciadigital.com\\\/pt-br\\\/aviso-de-privacidade\\\/\",\"url\":\"https:\\\/\\\/www.subeagenciadigital.com\\\/pt-br\\\/aviso-de-privacidade\\\/\",\"name\":\"Aviso de Privacidade - SUBE\",\"isPartOf\":{\"@id\":\"https:\\\/\\\/www.subeagenciadigital.com\\\/pt-br\\\/#website\"},\"datePublished\":\"2024-12-26T20:13:55+00:00\",\"dateModified\":\"2024-12-28T23:40:19+00:00\",\"breadcrumb\":{\"@id\":\"https:\\\/\\\/www.subeagenciadigital.com\\\/pt-br\\\/aviso-de-privacidade\\\/#breadcrumb\"},\"inLanguage\":\"pt-BR\",\"potentialAction\":[{\"@type\":\"ReadAction\",\"target\":[\"https:\\\/\\\/www.subeagenciadigital.com\\\/pt-br\\\/aviso-de-privacidade\\\/\"]}]},{\"@type\":\"BreadcrumbList\",\"@id\":\"https:\\\/\\\/www.subeagenciadigital.com\\\/pt-br\\\/aviso-de-privacidade\\\/#breadcrumb\",\"itemListElement\":[{\"@type\":\"ListItem\",\"position\":1,\"name\":\"Home\",\"item\":\"https:\\\/\\\/www.subeagenciadigital.com\\\/pt-br\\\/\"},{\"@type\":\"ListItem\",\"position\":2,\"name\":\"Aviso de Privacidade\"}]},{\"@type\":\"WebSite\",\"@id\":\"https:\\\/\\\/www.subeagenciadigital.com\\\/pt-br\\\/#website\",\"url\":\"https:\\\/\\\/www.subeagenciadigital.com\\\/pt-br\\\/\",\"name\":\"SUBE\",\"description\":\"\",\"publisher\":{\"@id\":\"https:\\\/\\\/www.subeagenciadigital.com\\\/pt-br\\\/#organization\"},\"potentialAction\":[{\"@type\":\"SearchAction\",\"target\":{\"@type\":\"EntryPoint\",\"urlTemplate\":\"https:\\\/\\\/www.subeagenciadigital.com\\\/pt-br\\\/?s={search_term_string}\"},\"query-input\":{\"@type\":\"PropertyValueSpecification\",\"valueRequired\":true,\"valueName\":\"search_term_string\"}}],\"inLanguage\":\"pt-BR\"},{\"@type\":\"Organization\",\"@id\":\"https:\\\/\\\/www.subeagenciadigital.com\\\/pt-br\\\/#organization\",\"name\":\"SUBE\",\"url\":\"https:\\\/\\\/www.subeagenciadigital.com\\\/pt-br\\\/\",\"logo\":{\"@type\":\"ImageObject\",\"inLanguage\":\"pt-BR\",\"@id\":\"https:\\\/\\\/www.subeagenciadigital.com\\\/pt-br\\\/#\\\/schema\\\/logo\\\/image\\\/\",\"url\":\"https:\\\/\\\/www.subeagenciadigital.com\\\/wp-content\\\/uploads\\\/2024\\\/08\\\/LOGO-bco.png\",\"contentUrl\":\"https:\\\/\\\/www.subeagenciadigital.com\\\/wp-content\\\/uploads\\\/2024\\\/08\\\/LOGO-bco.png\",\"width\":216,\"height\":110,\"caption\":\"SUBE\"},\"image\":{\"@id\":\"https:\\\/\\\/www.subeagenciadigital.com\\\/pt-br\\\/#\\\/schema\\\/logo\\\/image\\\/\"}}]}<\/script>\n<!-- \/ Yoast SEO plugin. -->","yoast_head_json":{"title":"Aviso de Privacidade - SUBE","robots":{"index":"index","follow":"follow","max-snippet":"max-snippet:-1","max-image-preview":"max-image-preview:large","max-video-preview":"max-video-preview:-1"},"canonical":"https:\/\/www.subeagenciadigital.com\/pt-br\/aviso-de-privacidade\/","og_locale":"pt_BR","og_type":"article","og_title":"Aviso de Privacidade - SUBE","og_description":"O presente documento constitui o Aviso de Privacidade para os efeitos do disposto na Lei Federal de Prote\u00e7\u00e3o de Dados Pessoais em Posse dos Particulares (a \u201cLFPDP\u201d) e nas disposi\u00e7\u00f5es que dela derivam ou com ela se relacionam. Este Aviso de Privacidade (doravante denominado \u201cAviso\u201d) aplica-se \u00e0s informa\u00e7\u00f5es pessoais coletadas sobre o Titular pela Sube [&hellip;]","og_url":"https:\/\/www.subeagenciadigital.com\/pt-br\/aviso-de-privacidade\/","og_site_name":"SUBE","article_modified_time":"2024-12-28T23:40:19+00:00","twitter_card":"summary_large_image","twitter_misc":{"Est. tempo de leitura":"3 minutos"},"schema":{"@context":"https:\/\/schema.org","@graph":[{"@type":"WebPage","@id":"https:\/\/www.subeagenciadigital.com\/pt-br\/aviso-de-privacidade\/","url":"https:\/\/www.subeagenciadigital.com\/pt-br\/aviso-de-privacidade\/","name":"Aviso de Privacidade - SUBE","isPartOf":{"@id":"https:\/\/www.subeagenciadigital.com\/pt-br\/#website"},"datePublished":"2024-12-26T20:13:55+00:00","dateModified":"2024-12-28T23:40:19+00:00","breadcrumb":{"@id":"https:\/\/www.subeagenciadigital.com\/pt-br\/aviso-de-privacidade\/#breadcrumb"},"inLanguage":"pt-BR","potentialAction":[{"@type":"ReadAction","target":["https:\/\/www.subeagenciadigital.com\/pt-br\/aviso-de-privacidade\/"]}]},{"@type":"BreadcrumbList","@id":"https:\/\/www.subeagenciadigital.com\/pt-br\/aviso-de-privacidade\/#breadcrumb","itemListElement":[{"@type":"ListItem","position":1,"name":"Home","item":"https:\/\/www.subeagenciadigital.com\/pt-br\/"},{"@type":"ListItem","position":2,"name":"Aviso de Privacidade"}]},{"@type":"WebSite","@id":"https:\/\/www.subeagenciadigital.com\/pt-br\/#website","url":"https:\/\/www.subeagenciadigital.com\/pt-br\/","name":"SUBE","description":"","publisher":{"@id":"https:\/\/www.subeagenciadigital.com\/pt-br\/#organization"},"potentialAction":[{"@type":"SearchAction","target":{"@type":"EntryPoint","urlTemplate":"https:\/\/www.subeagenciadigital.com\/pt-br\/?s={search_term_string}"},"query-input":{"@type":"PropertyValueSpecification","valueRequired":true,"valueName":"search_term_string"}}],"inLanguage":"pt-BR"},{"@type":"Organization","@id":"https:\/\/www.subeagenciadigital.com\/pt-br\/#organization","name":"SUBE","url":"https:\/\/www.subeagenciadigital.com\/pt-br\/","logo":{"@type":"ImageObject","inLanguage":"pt-BR","@id":"https:\/\/www.subeagenciadigital.com\/pt-br\/#\/schema\/logo\/image\/","url":"https:\/\/www.subeagenciadigital.com\/wp-content\/uploads\/2024\/08\/LOGO-bco.png","contentUrl":"https:\/\/www.subeagenciadigital.com\/wp-content\/uploads\/2024\/08\/LOGO-bco.png","width":216,"height":110,"caption":"SUBE"},"image":{"@id":"https:\/\/www.subeagenciadigital.com\/pt-br\/#\/schema\/logo\/image\/"}}]}},"_links":{"self":[{"href":"https:\/\/www.subeagenciadigital.com\/pt-br\/wp-json\/wp\/v2\/pages\/18717","targetHints":{"allow":["GET"]}}],"collection":[{"href":"https:\/\/www.subeagenciadigital.com\/pt-br\/wp-json\/wp\/v2\/pages"}],"about":[{"href":"https:\/\/www.subeagenciadigital.com\/pt-br\/wp-json\/wp\/v2\/types\/page"}],"author":[{"embeddable":true,"href":"https:\/\/www.subeagenciadigital.com\/pt-br\/wp-json\/wp\/v2\/users\/1"}],"replies":[{"embeddable":true,"href":"https:\/\/www.subeagenciadigital.com\/pt-br\/wp-json\/wp\/v2\/comments?post=18717"}],"version-history":[{"count":0,"href":"https:\/\/www.subeagenciadigital.com\/pt-br\/wp-json\/wp\/v2\/pages\/18717\/revisions"}],"wp:attachment":[{"href":"https:\/\/www.subeagenciadigital.com\/pt-br\/wp-json\/wp\/v2\/media?parent=18717"}],"curies":[{"name":"wp","href":"https:\/\/api.w.org\/{rel}","templated":true}]}}